{"id":36311,"date":"2023-06-19T16:35:50","date_gmt":"2023-06-19T14:35:50","guid":{"rendered":"https:\/\/gondola-medical.com\/imprint\/"},"modified":"2025-11-12T18:04:34","modified_gmt":"2025-11-12T17:04:34","slug":"impression","status":"publish","type":"page","link":"https:\/\/gondola-medical.com\/fr\/impression\/","title":{"rendered":"Impression"},"content":{"rendered":"<div data-elementor-type=\"wp-page\" data-elementor-id=\"36311\" class=\"elementor elementor-36311\" data-elementor-post-type=\"page\">\n\t\t\t\t<div class=\"elementor-element elementor-element-64656e70 e-flex e-con-boxed e-con e-parent\" data-id=\"64656e70\" data-element_type=\"container\" data-e-type=\"container\">\n\t\t\t\t\t<div class=\"e-con-inner\">\n\t\t\t\t<div class=\"elementor-element elementor-element-57d7d62 elementor-widget elementor-widget-heading\" data-id=\"57d7d62\" data-element_type=\"widget\" data-e-type=\"widget\" data-widget_type=\"heading.default\">\n\t\t\t\t<div class=\"elementor-widget-container\">\n\t\t\t\t\t<h2 class=\"elementor-heading-title elementor-size-default\">Impression<\/h2>\t\t\t\t<\/div>\n\t\t\t\t<\/div>\n\t\t\t\t<div class=\"elementor-element elementor-element-530e751 elementor-widget elementor-widget-shortcode\" data-id=\"530e751\" data-element_type=\"widget\" data-e-type=\"widget\" data-widget_type=\"shortcode.default\">\n\t\t\t\t<div class=\"elementor-widget-container\">\n\t\t\t\t\t\t\t<div class=\"elementor-shortcode\">\n<!-- Legal document generated by Complianz | GDPR\/CCPA Cookie Consent https:\/\/wordpress.org\/plugins\/complianz-gdpr -->\n<div id=\"cmplz-document\" class=\"cmplz-document impressum cmplz-document-all\"><p><i>This imprint was last updated on 18 novembre 2025.<\/i><\/p><p class=\"cmplz-subtitle\">Le propri\u00e9taire de ce site web est :<\/p><p>Gondola Medical Technologies SA<br>Route de la Corniche 4<br \/>\r\n1066 Epalinges, Suisse<br>Suisse<br>Courriel :&nbsp;<span class=\"cmplz-obfuscate\">info@<span class=\"cmplz-fmail-domain\">ex.com<\/span>&#103;&#111;n&#100;&#111;&#108;&#097;-med&#105;cal&#046;co&#109;<\/span><br>Num\u00e9ro de t\u00e9l\u00e9phone : +41919213838<br>ID. TVA : CHE-411.255.977<\/p><p class=\"cmplz-subtitle\">Le(s) repr\u00e9sentant(s) l\u00e9gal(aux) de Gondola Medical Technologies SA SA :<\/p><p>Francesco Cecchini<\/p><h2>1. G\u00e9n\u00e9ralit\u00e9s<\/h2><p class=\"cmplz-subtitle\">1.1 Nous sommes inscrits au Registro Commercio Svizzero sous le num\u00e9ro de licence ou d'enregistrement :<\/p><p>CH-5051.4.015.634-7<\/p><p class=\"cmplz-subtitle\">1.2 Le nom de notre autorit\u00e9 de contr\u00f4le est :<\/p><p>Kiwa Cermet Italia Spa<\/p><p class=\"cmplz-subtitle\">1.3 Les r\u00e8gles professionnelles suivantes s'appliquent \u00e0 notre organisation :<\/p><p>CE MDR<\/p><p>Nous ne sommes pas dispos\u00e9s ou oblig\u00e9s de participer \u00e0 des proc\u00e9dures de r\u00e9solution des litiges devant une commission d'arbitrage des consommateurs.<\/p><h2>2. Les informations suivantes sont obligatoires en vertu de la loi allemande.<\/h2><\/div><\/div>\n\t\t\t\t\t\t<\/div>\n\t\t\t\t<\/div>\n\t\t\t\t\t<\/div>\n\t\t\t\t<\/div>\n\t\t\t\t<\/div>","protected":false},"excerpt":{"rendered":"<p>Impression<\/p>","protected":false},"author":3,"featured_media":0,"parent":0,"menu_order":0,"comment_status":"closed","ping_status":"closed","template":"","meta":{"footnotes":""},"class_list":["post-36311","page","type-page","status-publish","hentry"],"_links":{"self":[{"href":"https:\/\/gondola-medical.com\/fr\/wp-json\/wp\/v2\/pages\/36311","targetHints":{"allow":["GET"]}}],"collection":[{"href":"https:\/\/gondola-medical.com\/fr\/wp-json\/wp\/v2\/pages"}],"about":[{"href":"https:\/\/gondola-medical.com\/fr\/wp-json\/wp\/v2\/types\/page"}],"author":[{"embeddable":true,"href":"https:\/\/gondola-medical.com\/fr\/wp-json\/wp\/v2\/users\/3"}],"replies":[{"embeddable":true,"href":"https:\/\/gondola-medical.com\/fr\/wp-json\/wp\/v2\/comments?post=36311"}],"version-history":[{"count":6,"href":"https:\/\/gondola-medical.com\/fr\/wp-json\/wp\/v2\/pages\/36311\/revisions"}],"predecessor-version":[{"id":47797,"href":"https:\/\/gondola-medical.com\/fr\/wp-json\/wp\/v2\/pages\/36311\/revisions\/47797"}],"wp:attachment":[{"href":"https:\/\/gondola-medical.com\/fr\/wp-json\/wp\/v2\/media?parent=36311"}],"curies":[{"name":"wp","href":"https:\/\/api.w.org\/{rel}","templated":true}]}}