{"id":43785,"date":"2023-06-19T16:35:49","date_gmt":"2023-06-19T14:35:49","guid":{"rendered":"https:\/\/gondola-medical.com\/privacy-statement-eu\/"},"modified":"2025-11-12T18:03:21","modified_gmt":"2025-11-12T17:03:21","slug":"erklarung-zum-datenschutz","status":"publish","type":"page","link":"https:\/\/gondola-medical.com\/de\/erklarung-zum-datenschutz\/","title":{"rendered":"Erkl\u00e4rung zum Datenschutz (EU)"},"content":{"rendered":"<div data-elementor-type=\"wp-page\" data-elementor-id=\"43785\" class=\"elementor elementor-43785\" data-elementor-post-type=\"page\">\n\t\t\t\t<div class=\"elementor-element elementor-element-3621acfd e-flex e-con-boxed e-con e-parent\" data-id=\"3621acfd\" data-element_type=\"container\" data-e-type=\"container\">\n\t\t\t\t\t<div class=\"e-con-inner\">\n\t\t\t\t<div class=\"elementor-element elementor-element-3c9bd92 elementor-widget elementor-widget-heading\" data-id=\"3c9bd92\" data-element_type=\"widget\" data-e-type=\"widget\" data-widget_type=\"heading.default\">\n\t\t\t\t<div class=\"elementor-widget-container\">\n\t\t\t\t\t<h2 class=\"elementor-heading-title elementor-size-default\">Datenschutz<\/h2>\t\t\t\t<\/div>\n\t\t\t\t<\/div>\n\t\t\t\t<div class=\"elementor-element elementor-element-35cfb2f0 elementor-widget elementor-widget-shortcode\" data-id=\"35cfb2f0\" data-element_type=\"widget\" data-e-type=\"widget\" data-widget_type=\"shortcode.default\">\n\t\t\t\t<div class=\"elementor-widget-container\">\n\t\t\t\t\t\t\t<div class=\"elementor-shortcode\">\n<!-- Legal document generated by Complianz | GDPR\/CCPA Cookie Consent https:\/\/wordpress.org\/plugins\/complianz-gdpr -->\n<div id=\"cmplz-document\" class=\"cmplz-document privacy-statement cmplz-document-eu\"><p><i>This privacy statement was last updated on 18 November 2025 and applies to citizens and legal permanent residents of the European Economic Area and Switzerland.<\/i><br \/><br \/><\/p><p><p>In dieser Datenschutzerkl\u00e4rung erkl\u00e4ren wir, was wir mit den Daten machen, die wir \u00fcber Sie erhalten <a href=\"https:\/\/gondola-medical.com\/de\">https:\/\/gondola-medical.com\/de<\/a>. Wir empfehlen Ihnen, diese Erkl\u00e4rung sorgf\u00e4ltig zu lesen. Bei unserer Verarbeitung halten wir uns an die Anforderungen der Datenschutzgesetze. Das bedeutet unter anderem, dass:<\/p><ul>\n                <li>wir geben klar an, zu welchen Zwecken wir personenbezogene Daten verarbeiten. Dies tun wir mit dieser Datenschutzerkl\u00e4rung;<\/li>\n                <li>Wir sind bestrebt, die Erhebung personenbezogener Daten auf die f\u00fcr rechtm\u00e4\u00dfige Zwecke erforderlichen personenbezogenen Daten zu beschr\u00e4nken;<\/li>\n                <li>In F\u00e4llen, in denen Ihre Zustimmung erforderlich ist, holen wir zun\u00e4chst Ihre ausdr\u00fcckliche Zustimmung zur Verarbeitung Ihrer personenbezogenen Daten ein;<\/li>\n                <li>Wir ergreifen angemessene Sicherheitsma\u00dfnahmen zum Schutz Ihrer personenbezogenen Daten und verlangen dies auch von Parteien, die personenbezogene Daten in unserem Auftrag verarbeiten;<\/li>\n                <li>wir respektieren Ihr Recht, auf Ihre personenbezogenen Daten zuzugreifen oder sie auf Ihren Wunsch hin zu korrigieren oder zu l\u00f6schen.<\/li>\n            <\/ul><p>Wenn Sie Fragen haben oder genau wissen wollen, welche Daten wir \u00fcber Sie speichern, nehmen Sie bitte Kontakt mit uns auf.<\/p><\/p><h2>1. Zweck, Daten und Aufbewahrungsfrist<\/h2>Wir k\u00f6nnen personenbezogene Daten f\u00fcr eine Reihe von Zwecken im Zusammenhang mit unserer Gesch\u00e4ftst\u00e4tigkeit sammeln oder erhalten, darunter die folgenden: (zum Vergr\u00f6\u00dfern klicken)<details class=\"cmplz-dropdown dropdown-privacy-statement\"><summary><div><h3>1.1 Kontakt - per Telefon, Post, E-Mail und\/oder Webformulare<\/h3><\/div><\/summary><p class=\"cmplz-subtitle\">Zu diesem Zweck verwenden wir die folgenden Daten:<\/p><p><ul><li>Ein Vor- und Nachname<\/li><li>Eine Wohnadresse oder eine andere physische Adresse, einschlie\u00dflich Stra\u00dfenname und Name einer Stadt oder eines Ortes<\/li><li>Eine E-Mail Adresse<\/li><li>Eine Rufnummer<\/li><li>IP-Adresse<\/li><li>Informationen \u00fcber Internetaktivit\u00e4ten, einschlie\u00dflich, aber nicht beschr\u00e4nkt auf den Browserverlauf, den Suchverlauf und Informationen \u00fcber die Interaktion eines Verbrauchers mit einer Internet-Website, -Anwendung oder -Werbung<\/li><li>Geolokalisierungsdaten<\/li><\/ul><\/p><p class=\"cmplz-subtitle\">Die Grundlage, auf der wir diese Daten verarbeiten k\u00f6nnen, ist:<\/p><p><a target=\"_blank\" rel=\"noopener noreferrer nofollow\" href=\"https:\/\/cookiedatabase.org\/legal-bases\/#consent\">Nach Erteilung der Zustimmung.<\/a><\/p><p class=\"cmplz-subtitle\">Aufbewahrungsfrist<\/p><p>Nach Beendigung des Dienstes bewahren wir diese Daten f\u00fcr den folgenden Zeitraum auf: immer.<\/p><\/details><details class=\"cmplz-dropdown dropdown-privacy-statement\"><summary><div><h3>1.2 Newsletters<\/h3><\/div><\/summary><p class=\"cmplz-subtitle\">Zu diesem Zweck verwenden wir die folgenden Daten:<\/p><p><ul><li>Ein Vor- und Nachname<\/li><li>Eine E-Mail Adresse<\/li><li>IP-Adresse<\/li><li>Informationen \u00fcber Internetaktivit\u00e4ten, einschlie\u00dflich, aber nicht beschr\u00e4nkt auf den Browserverlauf, den Suchverlauf und Informationen \u00fcber die Interaktion eines Verbrauchers mit einer Internet-Website, -Anwendung oder -Werbung<\/li><li>Geolokalisierungsdaten<\/li><\/ul><\/p><p class=\"cmplz-subtitle\">Die Grundlage, auf der wir diese Daten verarbeiten k\u00f6nnen, ist:<\/p><p><a target=\"_blank\" rel=\"noopener noreferrer nofollow\" href=\"https:\/\/cookiedatabase.org\/legal-bases\/#agreement\">Sie ist f\u00fcr die Ausf\u00fchrung eines Vertrags oder vorbereitender Verfahren im Zusammenhang mit einem Vertrag, an dem die betroffene Person beteiligt ist, erforderlich. <\/a><\/p><p class=\"cmplz-subtitle\">Aufbewahrungsfrist<\/p><p>Wir bestimmen die Aufbewahrungsfrist nach festgelegten objektiven Kriterien: Die Person meldet sich von unserem Newsletter ab.<\/p><\/details><details class=\"cmplz-dropdown dropdown-privacy-statement\"><summary><div><h3>1.3 Zur Unterst\u00fctzung von Dienstleistungen oder Produkten, die ein Kunde kaufen m\u00f6chte oder gekauft hat<\/h3><\/div><\/summary><p class=\"cmplz-subtitle\">Zu diesem Zweck verwenden wir die folgenden Daten:<\/p><p><ul><li>Ein Vor- und Nachname<\/li><li>Kontoname oder Alias<\/li><li>Eine Wohnadresse oder eine andere physische Adresse, einschlie\u00dflich Stra\u00dfenname und Name einer Stadt oder eines Ortes<\/li><li>Eine E-Mail Adresse<\/li><li>Eine Rufnummer<\/li><li>IP-Adresse<\/li><li>Informationen \u00fcber Internetaktivit\u00e4ten, einschlie\u00dflich, aber nicht beschr\u00e4nkt auf den Browserverlauf, den Suchverlauf und Informationen \u00fcber die Interaktion eines Verbrauchers mit einer Internet-Website, -Anwendung oder -Werbung<\/li><li>Geolokalisierungsdaten<\/li><li>Datum der Geburt<\/li><li>Sex<\/li><li>Eine Sozialversicherungsnummer<\/li><\/ul><\/p><p class=\"cmplz-subtitle\">Die Grundlage, auf der wir diese Daten verarbeiten k\u00f6nnen, ist:<\/p><p><a target=\"_blank\" rel=\"noopener noreferrer nofollow\" href=\"https:\/\/cookiedatabase.org\/legal-bases\/#consent\">Nach Erteilung der Zustimmung.<\/a><\/p><p class=\"cmplz-subtitle\">Aufbewahrungsfrist<\/p><p>Wir bewahren diese Daten bis zur Beendigung des Dienstes auf.<\/p><\/details><details class=\"cmplz-dropdown dropdown-privacy-statement\"><summary><div><h3>1.4 Zusammenstellen und Analysieren von Statistiken zur Verbesserung der Website.<\/h3><\/div><\/summary><p class=\"cmplz-subtitle\">Zu diesem Zweck verwenden wir die folgenden Daten:<\/p><p><ul><li>Ein Vor- und Nachname<\/li><li>Eine Wohnadresse oder eine andere physische Adresse, einschlie\u00dflich Stra\u00dfenname und Name einer Stadt oder eines Ortes<\/li><li>Eine E-Mail Adresse<\/li><li>Eine Rufnummer<\/li><li>IP-Adresse<\/li><li>Informationen \u00fcber Internetaktivit\u00e4ten, einschlie\u00dflich, aber nicht beschr\u00e4nkt auf den Browserverlauf, den Suchverlauf und Informationen \u00fcber die Interaktion eines Verbrauchers mit einer Internet-Website, -Anwendung oder -Werbung<\/li><li>Geolokalisierungsdaten<\/li><\/ul><\/p><p class=\"cmplz-subtitle\">Die Grundlage, auf der wir diese Daten verarbeiten k\u00f6nnen, ist:<\/p><p><a target=\"_blank\" rel=\"noopener noreferrer nofollow\" href=\"https:\/\/cookiedatabase.org\/legal-bases\/#agreement\">Sie ist f\u00fcr die Ausf\u00fchrung eines Vertrags oder vorbereitender Verfahren im Zusammenhang mit einem Vertrag, an dem die betroffene Person beteiligt ist, erforderlich. <\/a><\/p><p class=\"cmplz-subtitle\">Aufbewahrungsfrist<\/p><p>Wir bewahren diese Daten bis zur Beendigung des Dienstes auf.<\/p><\/details><details class=\"cmplz-dropdown dropdown-privacy-statement\"><summary><div><h3>1.5 Um personalisierte Produkte und Dienstleistungen anbieten zu k\u00f6nnen<\/h3><\/div><\/summary><p class=\"cmplz-subtitle\">Zu diesem Zweck verwenden wir die folgenden Daten:<\/p><p><ul><li>Ein Vor- und Nachname<\/li><li>Kontoname oder Alias<\/li><li>Eine Wohnadresse oder eine andere physische Adresse, einschlie\u00dflich Stra\u00dfenname und Name einer Stadt oder eines Ortes<\/li><li>Eine E-Mail Adresse<\/li><li>Eine Rufnummer<\/li><li>IP-Adresse<\/li><li>Informationen \u00fcber Internetaktivit\u00e4ten, einschlie\u00dflich, aber nicht beschr\u00e4nkt auf den Browserverlauf, den Suchverlauf und Informationen \u00fcber die Interaktion eines Verbrauchers mit einer Internet-Website, -Anwendung oder -Werbung<\/li><li>Geolokalisierungsdaten<\/li><li>Datum der Geburt<\/li><li>Sex<\/li><li>Fotos<\/li><li>Eine Sozialversicherungsnummer<\/li><\/ul><\/p><p class=\"cmplz-subtitle\">Die Grundlage, auf der wir diese Daten verarbeiten k\u00f6nnen, ist:<\/p><p><a target=\"_blank\" rel=\"noopener noreferrer nofollow\" href=\"https:\/\/cookiedatabase.org\/legal-bases\/#consent\">Nach Erteilung der Zustimmung.<\/a><\/p><p class=\"cmplz-subtitle\">Aufbewahrungsfrist<\/p><p>Wir bewahren diese Daten bis zur Beendigung des Dienstes auf.<\/p><\/details><h2>2. Gemeinsame Nutzung mit anderen Parteien<\/h2><p>Wir geben diese Daten nur zu den folgenden Zwecken an Auftragsverarbeiter weiter oder stellen sie ihnen zur Verf\u00fcgung:<\/p><h2>3. Cookies<\/h2><p>Unsere Website verwendet Cookies. Weitere Informationen \u00fcber Cookies finden Sie in unserer <a href=\"https:\/\/gondola-medical.com\/de\/cookie-richtlinie\/\">Cookie-Richtlinie<\/a>.&nbsp;<\/p><h2>4. Praktiken der Offenlegung<\/h2><p><p>Wir legen personenbezogene Daten offen, wenn wir gesetzlich oder per Gerichtsbeschluss dazu verpflichtet sind, als Reaktion auf eine Strafverfolgungsbeh\u00f6rde, soweit dies nach anderen gesetzlichen Bestimmungen zul\u00e4ssig ist, Informationen zur Verf\u00fcgung zu stellen, oder f\u00fcr eine Untersuchung in einer Angelegenheit, die die \u00f6ffentliche Sicherheit betrifft.<\/p><p>Wenn unsere Website oder Organisation \u00fcbernommen, verkauft oder in eine Fusion oder \u00dcbernahme verwickelt wird, k\u00f6nnen Ihre Daten unseren Beratern und potenziellen K\u00e4ufern offengelegt und an die neuen Eigent\u00fcmer weitergegeben werden.<\/p><\/p><p>Wir haben einen Datenverarbeitungsvertrag mit Google abgeschlossen.<\/p><p>Google darf die Daten nicht f\u00fcr andere Google-Dienste verwenden.<\/p><p>Die Angabe der vollst\u00e4ndigen IP-Adressen wird von uns blockiert.<\/p><h2>5. Sicherheit<\/h2><p>Wir verpflichten uns zur Sicherheit der personenbezogenen Daten. Wir ergreifen geeignete Sicherheitsma\u00dfnahmen, um den Missbrauch von und den unbefugten Zugriff auf personenbezogene Daten zu begrenzen. Dadurch wird sichergestellt, dass nur die erforderlichen Personen Zugang zu Ihren Daten haben, dass der Zugang zu den Daten gesch\u00fctzt ist und dass unsere Sicherheitsma\u00dfnahmen regelm\u00e4\u00dfig \u00fcberpr\u00fcft werden.<\/p><h2>6. Websites von Dritten<\/h2><p>Diese Datenschutzerkl\u00e4rung gilt nicht f\u00fcr Websites Dritter, die \u00fcber Links mit unserer Website verbunden sind. Wir k\u00f6nnen nicht garantieren, dass diese Dritten Ihre personenbezogenen Daten auf zuverl\u00e4ssige oder sichere Weise behandeln. Wir empfehlen Ihnen, die Datenschutzerkl\u00e4rungen dieser Websites zu lesen, bevor Sie diese Websites nutzen.<\/p><h2>7. \u00c4nderungen an dieser Datenschutzerkl\u00e4rung<\/h2><p>Wir behalten uns das Recht vor, \u00c4nderungen an dieser Datenschutzerkl\u00e4rung vorzunehmen. Wir empfehlen Ihnen, diese Datenschutzerkl\u00e4rung regelm\u00e4\u00dfig zu konsultieren, um sich \u00fcber etwaige \u00c4nderungen zu informieren. Dar\u00fcber hinaus werden wir Sie, wo immer m\u00f6glich, aktiv informieren.<\/p><h2>8. Zugang zu Ihren Daten und deren \u00c4nderung<\/h2><p>Wenn Sie Fragen haben oder wissen m\u00f6chten, welche pers\u00f6nlichen Daten wir \u00fcber Sie gespeichert haben, wenden Sie sich bitte an uns. Sie k\u00f6nnen sich mit uns in Verbindung setzen, indem Sie die nachstehenden Informationen verwenden. Sie haben die folgenden Rechte:<\/p><ul>\n                <li>Sie haben das Recht zu erfahren, wozu Ihre personenbezogenen Daten ben\u00f6tigt werden, was mit ihnen geschieht und wie lange sie gespeichert werden.<\/li>\n                <li>Auskunftsrecht: Sie haben das Recht, auf Ihre uns bekannten personenbezogenen Daten zuzugreifen.<\/li>\n                <li>Recht auf Berichtigung: Sie haben das Recht, Ihre personenbezogenen Daten zu erg\u00e4nzen, zu berichtigen, l\u00f6schen oder sperren zu lassen, wann immer Sie dies w\u00fcnschen.<\/li>\n                <li>Wenn Sie uns Ihre Einwilligung zur Verarbeitung Ihrer Daten gegeben haben, haben Sie das Recht, diese Einwilligung zu widerrufen und Ihre personenbezogenen Daten l\u00f6schen zu lassen.<\/li>\n                <li>Recht auf Daten\u00fcbertragbarkeit: Sie haben das Recht, alle Ihre personenbezogenen Daten von dem f\u00fcr die Verarbeitung Verantwortlichen anzufordern und sie in ihrer Gesamtheit an einen anderen f\u00fcr die Verarbeitung Verantwortlichen zu \u00fcbertragen.<\/li>\n                <li>Recht auf Widerspruch: Sie k\u00f6nnen der Verarbeitung Ihrer Daten widersprechen. Dem kommen wir nach, es sei denn, es liegen berechtigte Gr\u00fcnde f\u00fcr die Verarbeitung vor.<\/li>\n            <\/ul><p>Bitte stellen Sie sicher, dass Sie immer klar angeben, wer Sie sind, damit wir sicher sein k\u00f6nnen, dass wir keine Daten der falschen Person \u00e4ndern oder l\u00f6schen.<\/p><h2>9. Einreichung einer Beschwerde<\/h2><p>Wenn Sie mit der Art und Weise, wie wir mit der Verarbeitung Ihrer personenbezogenen Daten umgehen, nicht zufrieden sind (Beschwerde), haben Sie das Recht, eine Beschwerde bei der Datenschutzbeh\u00f6rde einzureichen.<\/p><h2>10. Kontaktangaben<\/h2><p>Gondola Medical Technologies SA<br \/>\n        Route de la Corniche 4<br \/>\r\n1066 Epalinges, Schweiz<br \/>\n        Schweiz<br \/>\n        Website: <a href=\"https:\/\/gondola-medical.com\/de\">https:\/\/gondola-medical.com\/de<\/a> <br \/>\n        E-Mail: <span class=\"cmplz-obfuscate\">info@<span class=\"cmplz-fmail-domain\">ex.com<\/span>&#103;o&#110;dola&#045;m&#101;&#100;&#105;&#099;&#097;&#108;.com<\/span> <br \/>\n        Rufnummer: +41919213838<\/p><h2>11. Datenanfragen<\/h2><p>F\u00fcr die am h\u00e4ufigsten gestellten Anfragen bieten wir Ihnen auch die M\u00f6glichkeit, unser Datenanfrageformular zu nutzen<br \/>\t\t\t<div class=\"cmplz-datarequest cmplz-alert\">\n\t\t\t\t<span class=\"cmplz-close\">\u00d7<\/span>\n\t\t\t\t<span id=\"cmplz-message\"><\/span>\n\t\t\t<\/div>\n\t\t\t<form id=\"cmplz-datarequest-form\" action=\"\">\n\t\t\t\t<input type=\"hidden\" required value=\"eu\" name=\"cmplz_datarequest_region\" id=\"cmplz_datarequest_region\">\n\n\t\t\t\t<label for=\"cmplz_datarequest_firstname\" class=\"cmplz-first-name\">Name\t\t\t\t\t<input type=\"search\" class=\"datarequest-firstname\" value=\"\" placeholder=\"Ihr Vorname\" id=\"cmplz_datarequest_firstname\" name=\"cmplz_datarequest_firstname\">\n\t\t\t\t<\/label>\n\t\t\t\t<div>\n\t\t\t\t\t<label for=\"cmplz_datarequest_name\">Name<\/label>\n\t\t\t\t\t<input type=\"text\" required value=\"\" placeholder=\"Your name\" id=\"cmplz_datarequest_name\" name=\"cmplz_datarequest_name\">\n\t\t\t\t<\/div>\n\t\t\t\t<div>\n\t\t\t\t\t<label for=\"cmplz_datarequest_email\">E-Mail-Adresse<\/label>\n\t\t\t\t\t<input type=\"email\" required value=\"\" placeholder=\"email@email.com\" id=\"cmplz_datarequest_email\" name=\"cmplz_datarequest_email\">\n\t\t\t\t<\/div>\n\t\t\t\t\t\t\t\t\t\t<div class=\"cmplz_datarequest cmplz_datarequest_request_for_access\">\n\t\t\t\t\t\t\t<label for=\"cmplz_datarequest_request_for_access\">\n\t\t\t\t\t\t\t\t<input type=\"checkbox\" value=\"1\" name=\"cmplz_datarequest_request_for_access\" id=\"cmplz_datarequest_request_for_access\" \/>\n\t\t\t\t\t\t\t\tSubmit a request for access to the data we process about you.\t\t\t\t\t\t\t<\/label>\n\t\t\t\t\t\t<\/div>\n\t\t\t\t\t\t\t\t\t\t<div class=\"cmplz_datarequest cmplz_datarequest_right_to_be_forgotten\">\n\t\t\t\t\t\t\t<label for=\"cmplz_datarequest_right_to_be_forgotten\">\n\t\t\t\t\t\t\t\t<input type=\"checkbox\" value=\"1\" name=\"cmplz_datarequest_right_to_be_forgotten\" id=\"cmplz_datarequest_right_to_be_forgotten\" \/>\n\t\t\t\t\t\t\t\tSubmit a request for deletion of the data if it is no longer relevant.\t\t\t\t\t\t\t<\/label>\n\t\t\t\t\t\t<\/div>\n\t\t\t\t\t\t\t\t\t\t<div class=\"cmplz_datarequest cmplz_datarequest_right_to_data_portability\">\n\t\t\t\t\t\t\t<label for=\"cmplz_datarequest_right_to_data_portability\">\n\t\t\t\t\t\t\t\t<input type=\"checkbox\" value=\"1\" name=\"cmplz_datarequest_right_to_data_portability\" id=\"cmplz_datarequest_right_to_data_portability\" \/>\n\t\t\t\t\t\t\t\tSubmit a request to receive an export file of the data we process about you.\t\t\t\t\t\t\t<\/label>\n\t\t\t\t\t\t<\/div>\n\t\t\t\t\t\t\t\t<input type=\"button\" id=\"cmplz-datarequest-submit\" value=\"Send\">\n\t\t\t<input type=\"hidden\" name=\"trp-form-language\" value=\"de\"\/><\/form>\n\n\t\t\t<style>\n\t\t\t\t\/* first-name is honeypot *\/\n\t\t\t\t.cmplz-first-name {\n\t\t\t\t\tposition: absolute !important;\n\t\t\t\t\tleft: -5000px !important;\n\t\t\t\t}\n\t\t\t<\/style>\n\t\t\t<\/p><\/div><\/div>\n\t\t\t\t\t\t<\/div>\n\t\t\t\t<\/div>\n\t\t\t\t\t<\/div>\n\t\t\t\t<\/div>\n\t\t\t\t<\/div>","protected":false},"excerpt":{"rendered":"<p>Datenschutz<\/p>","protected":false},"author":3,"featured_media":0,"parent":0,"menu_order":0,"comment_status":"closed","ping_status":"closed","template":"","meta":{"footnotes":""},"class_list":["post-43785","page","type-page","status-publish","hentry"],"_links":{"self":[{"href":"https:\/\/gondola-medical.com\/de\/wp-json\/wp\/v2\/pages\/43785","targetHints":{"allow":["GET"]}}],"collection":[{"href":"https:\/\/gondola-medical.com\/de\/wp-json\/wp\/v2\/pages"}],"about":[{"href":"https:\/\/gondola-medical.com\/de\/wp-json\/wp\/v2\/types\/page"}],"author":[{"embeddable":true,"href":"https:\/\/gondola-medical.com\/de\/wp-json\/wp\/v2\/users\/3"}],"replies":[{"embeddable":true,"href":"https:\/\/gondola-medical.com\/de\/wp-json\/wp\/v2\/comments?post=43785"}],"version-history":[{"count":7,"href":"https:\/\/gondola-medical.com\/de\/wp-json\/wp\/v2\/pages\/43785\/revisions"}],"predecessor-version":[{"id":47792,"href":"https:\/\/gondola-medical.com\/de\/wp-json\/wp\/v2\/pages\/43785\/revisions\/47792"}],"wp:attachment":[{"href":"https:\/\/gondola-medical.com\/de\/wp-json\/wp\/v2\/media?parent=43785"}],"curies":[{"name":"wp","href":"https:\/\/api.w.org\/{rel}","templated":true}]}}